{"id":2114,"date":"2019-11-26T14:21:25","date_gmt":"2019-11-26T14:21:25","guid":{"rendered":"https:\/\/www.szkolacelu.pl\/?page_id=2114"},"modified":"2024-01-25T08:03:54","modified_gmt":"2024-01-25T08:03:54","slug":"service-plus","status":"publish","type":"page","link":"https:\/\/www.szkolacelu.pl\/index.php\/service-plus\/","title":{"rendered":"Service Plus &#8211; Projektowanie stron"},"content":{"rendered":"<p>[vc_row][vc_column icons_position=&#8221;left&#8221;][vc_column_text]<\/p>\n<h2>Szanowni Klienci,<\/h2>\n<p><big>Je\u015bli podoba Wam si\u0119 nasza strona uprzejmie informujemy, mo\u017cemy si\u0119 zaj\u0105\u0107 przygotowaniem r\u00f3wnie\u017c Twojej strony czy wizyt\u00f3wki firmowej.<\/big><\/p>\n<p><big>Poni\u017cej zamieszczamy kilka przyk\u0142ad\u00f3w stron, kt\u00f3re stworzyli\u015bmy na przestrzeni wielu lat naszej dzia\u0142alno\u015bci, i kt\u00f3re ca\u0142y czas dost\u0119pne s\u0105 w sieci:<\/big><\/p>\n<ul>\n<li><a href=\"https:\/\/www.szkolacelu.pl\"><big>SZKOLACELU.PL<\/big><\/a><\/li>\n<li><big><a href=\"http:\/\/www.staraosada.pl\">Staraosada.pl<\/a> &#8211; strzelnica i imprezy dla firm &#8211; edycja CMS (WordPress)<\/big><\/li>\n<li><big><a href=\"http:\/\/www.kiekrz.info\">Kiekrz.info<\/a> &#8211; Portal informacyjny miejscowo\u015bci Kiekrz &#8211; edycja CMS (WordPress)<\/big><\/li>\n<li><big><a href=\"http:\/\/www.speedway24.info\">Speedway24.info<\/a> &#8211; serwis o tematyce sportowej &#8211; edycja CMS (WordPress)<\/big><\/li>\n<li><big><a href=\"http:\/\/www.geo-technika.pl\">Geo-Technika.pl<\/a> &#8211; geologia \/ geotechnika (prosty kod html z r\u0119ki)<\/big><\/li>\n<\/ul>\n<p><span style=\"font-size: 17.5px;\">Je\u015bli potrzebujesz strony opartej na przejrzystym systemie, kt\u00f3ry pozwala dowolnie i w prosty spos\u00f3b edytowa\u0107 tre\u015b\u0107 stron, serwis\u00f3w, sklep\u00f3w internetowych&#8230; Odezwij si\u0119 do nas &#8211; wojciech@peisert.com.pl \ud83d\ude42<\/span>[\/vc_column_text][vc_separator style=&#8221;dashed&#8221;][\/vc_column][\/vc_row][vc_row][vc_column icons_position=&#8221;left&#8221;]<div id=\"sc_title_65829562\"\n\t\tclass=\"sc_title color_style_default sc_title_default\"><h6 class=\"sc_item_subtitle sc_title_subtitle sc_align_center sc_item_title_style_default\">Customization<\/h6><h2 class=\"sc_item_title sc_title_title sc_align_center sc_item_title_style_default\">Pakiety budowy stron \/ serwer\u00f3w<\/h2><\/div><!-- \/.sc_title -->[vc_empty_space height=&#8221;&#8221; alter_height=&#8221;medium&#8221; hide_on_desktop=&#8221;&#8221; hide_on_notebook=&#8221;&#8221; hide_on_tablet=&#8221;&#8221; hide_on_mobile=&#8221;&#8221;]<div  id=\"sc_price_1361312178\" \r\n\tclass=\"sc_price color_style_default sc_price_default\"><div class=\"sc_price_columns_wrap sc_item_columns trx_addons_columns_wrap columns_padding_bottom\"><div class=\"trx_addons_column-1_3\"><div class=\"sc_price_item sc_price_item_default\">\r\n\t\t\t<div class=\"sc_price_item_info\"><div class=\"sc_price_item_price\"><span class=\"sc_price_item_price_before\">od<\/span><span class=\"sc_price_item_price_value\"> 2 tys z\u0142<\/span><\/div><h6 class=\"sc_price_item_subtitle\"><span>Prosta strona firmowa<\/span><\/h6><div class=\"sc_price_item_details\"><ul>\n<li>Przedstawimy przyk\u0142ad strony, kt\u00f3ry zainstalujemy na Twoim lub naszym serwerze. Uzyskasz dost\u0119p do panelu administracyjnego dzi\u0119ki czemu b\u0119dziesz m\u00f3g\u0142 zarz\u0105dza\u0107 Twoj\u0105 stron\u0105.<\/li>\n<li>W ramach Twoich stron zamie\u015bcimy logo Twojej firmy. Logo powinno by\u0107 dobrej jako\u015bci w rozszerzeniu: .PSD, .EPS, .PNG, .JPG format. Wymiary logo: 300px na 600px<\/li>\n<li>Dalsze rozszerzenie funkcjonalno\u015bci Twojej strony b\u0119dzie polega\u0142o m.in. na dodaniu tre\u015bci GoogleMaps, powi\u0119kszeniu ilo\u015bci podstron (do 6 podstron), zmiany tre\u015bci i wygl\u0105du z zaproponowanego layoutu, pod\u0142\u0105czenie social media set.\n<\/ul>\n<\/div><\/div><!-- \/.sc_price_item_info --><\/div><\/div><div class=\"trx_addons_column-1_3\"><div class=\"sc_price_item sc_price_item_default\">\r\n\t\t\t<div class=\"sc_price_item_info\"><div class=\"sc_price_item_price\"><span class=\"sc_price_item_price_before\">od <\/span><span class=\"sc_price_item_price_value\">250 z\u0142<\/span><span class=\"sc_price_item_price_after\">\/rok<\/span><\/div><h6 class=\"sc_price_item_subtitle\"><span>Utrzymanie strony - serwer \/ poczta<\/span><\/h6><div class=\"sc_price_item_details\"><ul>\n<li>oferujemy miejsca dla Twoich stron \/ serwis\u00f3w na naszych serwerach www<\/li>\n<li>lokalizacja Twoich skrzynek i zarz\u0105dzanie email na naszych serwerach<\/li>\n<li>zarz\u0105dzanie tre\u015bci\u0105 Twoich stron<\/li>\n<li>zarz\u0105dzanie tre\u015bci\u0105 Twoich social medi\u00f3w<\/li>\n<\/ul>\n<\/div><\/div><!-- \/.sc_price_item_info --><\/div><\/div><div class=\"trx_addons_column-1_3\"><div class=\"sc_price_item sc_price_item_default\">\r\n\t\t\t<div class=\"sc_price_item_info\"><div class=\"sc_price_item_price\"><span class=\"sc_price_item_price_value\">do uzgodnienia<\/span><\/div><h6 class=\"sc_price_item_subtitle\"><span>Serwisy internetowe<\/span><\/h6><div class=\"sc_price_item_details\"><ul>\n<li>tworzenie i zarz\u0105dzanie stronami \/ serwisami WordPress<\/li>\n<li>dostosowanie brandingu strony internetowej<\/li>\n<li>tworzenie obszar\u00f3w Content setup (strony, Revolution sliders)<\/li>\n<li>SEO w podstawowym zakresie<\/li>\n<li>optymalizacje szybko\u015bci stron \/ serwis\u00f3w<\/li>\n<\/ul><\/div><\/div><!-- \/.sc_price_item_info --><\/div><\/div><\/div><\/div><!-- \/.sc_price -->[\/vc_column][\/vc_row]<\/p>\n","protected":false},"excerpt":{"rendered":"<p>[vc_row][vc_column icons_position=&#8221;left&#8221;][vc_column_text] Szanowni Klienci, Je\u015bli podoba Wam si\u0119 nasza strona uprzejmie informujemy, mo\u017cemy si\u0119 zaj\u0105\u0107 przygotowaniem r\u00f3wnie\u017c Twojej strony czy wizyt\u00f3wki firmowej. Poni\u017cej&hellip;<\/p>\n","protected":false},"author":1,"featured_media":0,"parent":0,"menu_order":0,"comment_status":"closed","ping_status":"closed","template":"","meta":{"footnotes":""},"class_list":["post-2114","page","type-page","status-publish","hentry"],"_links":{"self":[{"href":"https:\/\/www.szkolacelu.pl\/index.php\/wp-json\/wp\/v2\/pages\/2114","targetHints":{"allow":["GET"]}}],"collection":[{"href":"https:\/\/www.szkolacelu.pl\/index.php\/wp-json\/wp\/v2\/pages"}],"about":[{"href":"https:\/\/www.szkolacelu.pl\/index.php\/wp-json\/wp\/v2\/types\/page"}],"author":[{"embeddable":true,"href":"https:\/\/www.szkolacelu.pl\/index.php\/wp-json\/wp\/v2\/users\/1"}],"replies":[{"embeddable":true,"href":"https:\/\/www.szkolacelu.pl\/index.php\/wp-json\/wp\/v2\/comments?post=2114"}],"version-history":[{"count":19,"href":"https:\/\/www.szkolacelu.pl\/index.php\/wp-json\/wp\/v2\/pages\/2114\/revisions"}],"predecessor-version":[{"id":4965,"href":"https:\/\/www.szkolacelu.pl\/index.php\/wp-json\/wp\/v2\/pages\/2114\/revisions\/4965"}],"wp:attachment":[{"href":"https:\/\/www.szkolacelu.pl\/index.php\/wp-json\/wp\/v2\/media?parent=2114"}],"curies":[{"name":"wp","href":"https:\/\/api.w.org\/{rel}","templated":true}]}}