{"id":64,"date":"2017-11-27T14:42:49","date_gmt":"2017-11-27T14:42:49","guid":{"rendered":"https:\/\/www.szkolacelu.pl\/?page_id=64"},"modified":"2023-06-16T05:25:38","modified_gmt":"2023-06-16T05:25:38","slug":"range","status":"publish","type":"page","link":"https:\/\/www.szkolacelu.pl\/index.php\/range\/","title":{"rendered":"Range"},"content":{"rendered":"<p>[vc_row content_placement=&#8221;middle&#8221;][vc_column width=&#8221;1\/2&#8243; icons_position=&#8221;left&#8221;]<div id=\"widget_video_190183585\" class=\"widget_area sc_widget_video vc_widget_video wpb_content_element\"><aside id=\"widget_video_190183585_widget\" class=\"widget widget_video\"><div id=\"sc_video_1297689320\" class=\"trx_addons_video_player with_cover hover_play\"><img fetchpriority=\"high\" decoding=\"async\" src=\"https:\/\/www.szkolacelu.pl\/wp-content\/uploads\/2017\/11\/image-6-copyright.png\" alt=\"\" width=\"570\" height=\"390\"><div class=\"video_mask\"><\/div><div class=\"video_hover\" data-video=\"&lt;iframe src=&quot;https:\/\/player.vimeo.com\/video\/108207395?autoplay=1&quot; width=&quot;640&quot; height=&quot;360&quot; frameborder=&quot;0&quot; allow=&quot;autoplay; fullscreen&quot; allowfullscreen&gt;&lt;\/iframe&gt;\"><\/div><div class=\"video_embed video_frame\"><\/div><\/div><\/aside><\/div>[vc_empty_space alter_height=&#8221;medium&#8221; hide_on_desktop=&#8221;1&#8243; hide_on_notebook=&#8221;1&#8243; hide_on_tablet=&#8221;1&#8243; hide_on_mobile=&#8221;&#8221;][\/vc_column][vc_column width=&#8221;1\/2&#8243; icons_position=&#8221;left&#8221;]<div id=\"sc_title_1088448690\"\n\t\tclass=\"sc_title color_style_default sc_title_iconed\"><h1 class=\"sc_item_title sc_title_title sc_align_left sc_item_title_style_iconed sc_item_title_tag\">Pakiety \/ Op\u0142aty<\/h1><div class=\"sc_item_descr sc_title_descr sc_align_left\"><p><strong>Odkryj z nami niesamowite prze\u017cycia z broni\u0105 paln\u0105!<\/strong><br \/>\nNasza strzelnica to jedyn\u0105 KRYT\u0104 strzelnic\u0105 w regionie, gdzie ka\u017cdy z 7 tor\u00f3w strzeleckich ma d\u0142ugo\u015b\u0107 50 m. Tory mog\u0105 by\u0107 wyposa\u017cone w elektroniczny system treningowy. Ca\u0142e zaplecze oraz stanowiska strzeleckie s\u0105 ponadto ogrzewane, co wp\u0142ywa na komfort korzystania ze strzelnicy w okresie jesienno-zimowym.<\/p>\n<p>Tylko nasza strzelnica umo\u017cliwia uprawianie strzelectwa pistoletowego i karabinowego w komfortowych warunkach niezale\u017cnie od pory roku.<br \/>\nSerdecznie zapraszamy do zapoznania si\u0119 z naszymi pakietami oraz szkoleniami.<\/p>\n<\/div><div class=\"sc_item_button sc_button_wrap sc_align_left\"><a href=\"https:\/\/www.szkolacelu.pl\/index.php\/home-6-reservation\/\" id=\"sc_button_516151811\" class=\"sc_button color_style_default sc_button_default sc_item_button sc_item_button_default sc_title_button sc_button_size_normal sc_button_icon_left\"><span class=\"sc_button_text\"><span class=\"sc_button_title\">Zarezerwuj wizyt\u0119<\/span><\/span><!-- \/.sc_button_text --><\/a><!-- \/.sc_button --><\/div><!-- \/.sc_item_button --><\/div><!-- \/.sc_title -->[\/vc_column][\/vc_row][vc_row][vc_column hide_bg_image_on_tablet=&#8221;&#8221; hide_bg_image_on_mobile=&#8221;&#8221; icons_position=&#8221;left&#8221; css=&#8221;.vc_custom_1511878632961{background-size: cover !important;}&#8221;][vc_empty_space alter_height=&#8221;large&#8221; hide_on_desktop=&#8221;&#8221; hide_on_notebook=&#8221;&#8221; hide_on_tablet=&#8221;&#8221; hide_on_mobile=&#8221;&#8221;]<div id=\"sc_skills_1743886749\"\n\t\tclass=\"sc_skills sc_skills_pie sc_skills_compact_off\"\n\t\t\t\tdata-type=\"pie\"\n\t\t><div class=\"sc_skills_columns sc_item_columns trx_addons_columns_wrap columns_padding_bottom\"><div class=\"sc_skills_column trx_addons_column-1_4\"><div class=\"sc_skills_item_wrap\"><div class=\"sc_skills_item\"><canvas id=\"sc_skills_canvas_386816822\"><\/canvas><div class=\"sc_skills_total\" data-start=\"0\" data-stop=\"2000\" data-step=\"30\" data-steps=\"100\" data-max=\"3000\" data-speed=\"19\" data-duration=\"1267\" data-color=\"#ff6000\" data-bg_color=\"#f7f7f7\" data-border_color=\"\" data-cutout=\"90\" data-easing=\"easeOutCirc\" data-ed=\"\">0<\/div><\/div><div class=\"sc_skills_item_title\">Nasi go\u015bcie<\/div><\/div><\/div><div class=\"sc_skills_column trx_addons_column-1_4\"><div class=\"sc_skills_item_wrap\"><div class=\"sc_skills_item\"><canvas id=\"sc_skills_canvas_1209124473\"><\/canvas><div class=\"sc_skills_total\" data-start=\"0\" data-stop=\"654\" data-step=\"30\" data-steps=\"100\" data-max=\"3000\" data-speed=\"20\" data-duration=\"436\" data-color=\"#ff6000\" data-bg_color=\"#f7f7f7\" data-border_color=\"\" data-cutout=\"90\" data-easing=\"easeOutCirc\" data-ed=\"\">0<\/div><\/div><div class=\"sc_skills_item_title\">Zrealizowane kursy<\/div><\/div><\/div><div class=\"sc_skills_column trx_addons_column-1_4\"><div class=\"sc_skills_item_wrap\"><div class=\"sc_skills_item\"><canvas id=\"sc_skills_canvas_1977339057\"><\/canvas><div class=\"sc_skills_total\" data-start=\"0\" data-stop=\"321\" data-step=\"30\" data-steps=\"100\" data-max=\"3000\" data-speed=\"12\" data-duration=\"128\" data-color=\"#ff6000\" data-bg_color=\"#f7f7f7\" data-border_color=\"\" data-cutout=\"90\" data-easing=\"easeOutCirc\" data-ed=\"\">0<\/div><\/div><div class=\"sc_skills_item_title\">Cz\u0142onkowie Klubu<\/div><\/div><\/div><div class=\"sc_skills_column trx_addons_column-1_4\"><div class=\"sc_skills_item_wrap\"><div class=\"sc_skills_item\"><canvas id=\"sc_skills_canvas_1847814959\"><\/canvas><div class=\"sc_skills_total\" data-start=\"0\" data-stop=\"200\" data-step=\"30\" data-steps=\"100\" data-max=\"3000\" data-speed=\"15\" data-duration=\"100\" data-color=\"#ff6000\" data-bg_color=\"#f7f7f7\" data-border_color=\"\" data-cutout=\"90\" data-easing=\"easeOutCirc\" data-ed=\"\">0<\/div><\/div><div class=\"sc_skills_item_title\">Zawody strzeleckie<\/div><\/div><\/div><\/div><\/div>[vc_empty_space alter_height=&#8221;large&#8221; hide_on_desktop=&#8221;&#8221; hide_on_notebook=&#8221;&#8221; hide_on_tablet=&#8221;&#8221; hide_on_mobile=&#8221;&#8221; css=&#8221;.vc_custom_1519035280652{margin-top: -1.6rem !important;}&#8221;][\/vc_column][\/vc_row][vc_row full_width=&#8221;stretch_row&#8221; scheme=&#8221;dark&#8221; extra_bg_mask=&#8221;7&#8243; hide_bg_image_on_tablet=&#8221;&#8221; hide_bg_image_on_mobile=&#8221;&#8221; css=&#8221;.vc_custom_1519035641354{background: #1f1f1d url(https:\/\/www.szkolacelu.pl\/wp-content\/uploads\/2017\/11\/bg-2-copyright.jpg?id=408) !important;background-position: center !important;background-repeat: no-repeat !important;background-size: cover !important;}&#8221;][vc_column icons_position=&#8221;left&#8221;][vc_empty_space alter_height=&#8221;huge&#8221; hide_on_desktop=&#8221;&#8221; hide_on_notebook=&#8221;&#8221; hide_on_tablet=&#8221;&#8221; hide_on_mobile=&#8221;&#8221; css=&#8221;.vc_custom_1519035710635{margin-top: 0.8rem !important;}&#8221;][vc_row_inner][vc_column_inner width=&#8221;1\/2&#8243; icons_position=&#8221;left&#8221; offset=&#8221;vc_col-sm-offset-3&#8243;]<div id=\"sc_title_1864145942\"\n\t\tclass=\"sc_title color_style_default sc_title_iconed\"><h1 class=\"sc_item_title sc_title_title sc_align_center sc_item_title_style_iconed sc_item_title_tag\">Pakiety Strzeleckie - specjalne<\/h1><\/div><!-- \/.sc_title --><div id=\"sc_title_813216491\"\n\t\tclass=\"sc_title color_style_default sc_title_default\"><h6 class=\"sc_item_title sc_title_title sc_align_center sc_item_title_style_default sc_item_title_tag\">Inne nasze pakiety znajduj\u0105 si\u0119 poni\u017cej.<\/h6><\/div><!-- \/.sc_title -->[\/vc_column_inner][\/vc_row_inner][vc_empty_space alter_height=&#8221;small&#8221; hide_on_desktop=&#8221;&#8221; hide_on_notebook=&#8221;&#8221; hide_on_tablet=&#8221;&#8221; hide_on_mobile=&#8221;&#8221;]<div  id=\"sc_price_175609181\" \r\n\tclass=\"sc_price color_style_default sc_price_style-2\"><div class=\"sc_price_columns_wrap sc_item_columns trx_addons_columns_wrap columns_padding_bottom\"><div class=\"trx_addons_column-1_3\"><div class=\"sc_price_item sc_price_item_style-2\">\r\n\t\t\t<div class=\"sc_price_item_info\"><h3 class=\"sc_price_item_title\"><span>Pakiet SPECIAL FORCE<\/span><\/h3><div class=\"sc_price_item_price\"><span class=\"sc_price_item_price_value\">550 z\u0142<\/span><span class=\"sc_price_item_price_after\">\/wizyt\u0119<\/span><\/div><div class=\"sc_price_item_details\"><ul><li>tor strzelecki + bro\u0144 + opieka instruktora<\/li>\n<li>opis zasad bezpiecze\u0144stwa<\/li>\n<li>om\u00f3wienie zasad dzia\u0142ania i budowy broni<\/li>\n<li>karabin kal. 223 - AR-15 - 30 szt.<\/li>\n<li>strzelba semi-auto - 15 szt.<\/li>\n<li>pistolet H&K kal. 45 - 10 szt.<\/li>\n<li>3 cele - tarcze<\/li><\/ul><\/div><\/div><!-- \/.sc_price_item_info --><\/div><\/div><div class=\"trx_addons_column-1_3\"><div class=\"sc_price_item sc_price_item_style-2\">\r\n\t\t\t<div class=\"sc_price_item_info\"><h3 class=\"sc_price_item_title\"><span>Pakiet FORCE<\/span><\/h3><div class=\"sc_price_item_price\"><span class=\"sc_price_item_price_value\">450 z\u0142<\/span><span class=\"sc_price_item_price_after\">\/wizyt\u0119<\/span><\/div><div class=\"sc_price_item_details\"><ul><li>tor strzelecki + bro\u0144 + opieka instruktora<\/li>\n<li>opis zasad bezpiecze\u0144stwa<\/li>\n<li>om\u00f3wienie zasad dzia\u0142ania i budowy broni<\/li>\n<li>karabin kal. 223 - AR-15 - 15 szt.<\/li>\n<li>strzelba semi-auto kal. 12mm - 10 szt.<\/li>\n<li>pistolet H&K kal. 45 - 10 szt.<\/li>\n<li>2 cele - tarcze<\/li><\/ul><\/div><\/div><!-- \/.sc_price_item_info --><\/div><\/div><div class=\"trx_addons_column-1_3\"><div class=\"sc_price_item sc_price_item_style-2\">\r\n\t\t\t<div class=\"sc_price_item_info\"><h3 class=\"sc_price_item_title\"><span>Pakiet POLICE<\/span><\/h3><div class=\"sc_price_item_price\"><span class=\"sc_price_item_price_value\">400 z\u0142<\/span><span class=\"sc_price_item_price_after\">\/wizyt\u0119<\/span><\/div><div class=\"sc_price_item_details\"><ul><li>tor strzelecki + bro\u0144 + opieka instruktora<\/li>\n<li>opis zasad bezpiecze\u0144stwa<\/li>\n<li>om\u00f3wienie zasad dzia\u0142ania i budowy broni<\/li>\n<li>piastolet kal. 9mm - Glock, CZ, H&K - 20 szt.<\/li>\n<li>strzelba pump action \/ semi-auto kal. 12mm - 10 szt.<\/li>\n<li>pistolet H&K kal. 45 - 10 szt.<\/li>\n<li>2 cele - tarcze<\/li><\/ul><\/div><\/div><!-- \/.sc_price_item_info --><\/div><\/div><\/div><\/div><!-- \/.sc_price -->[vc_empty_space alter_height=&#8221;large&#8221; hide_on_desktop=&#8221;&#8221; hide_on_notebook=&#8221;&#8221; hide_on_tablet=&#8221;&#8221; hide_on_mobile=&#8221;&#8221; css=&#8221;.vc_custom_1519038672064{margin-top: 0.85rem !important;}&#8221;][\/vc_column][\/vc_row][vc_row full_width=&#8221;stretch_row&#8221; scheme=&#8221;dark&#8221; extra_bg_mask=&#8221;7&#8243; hide_bg_image_on_tablet=&#8221;&#8221; hide_bg_image_on_mobile=&#8221;&#8221; css=&#8221;.vc_custom_1656336893507{background: #1f1f1d url(https:\/\/www.szkolacelu.pl\/wp-content\/uploads\/2017\/12\/gallery-7-copyright.jpg?id=592) !important;background-position: center !important;background-repeat: no-repeat !important;background-size: cover !important;}&#8221;][vc_column icons_position=&#8221;left&#8221;][vc_empty_space alter_height=&#8221;huge&#8221; hide_on_desktop=&#8221;&#8221; hide_on_notebook=&#8221;&#8221; hide_on_tablet=&#8221;&#8221; hide_on_mobile=&#8221;&#8221; css=&#8221;.vc_custom_1519035710635{margin-top: 0.8rem !important;}&#8221;][vc_row_inner][vc_column_inner width=&#8221;1\/2&#8243; icons_position=&#8221;left&#8221; offset=&#8221;vc_col-sm-offset-3&#8243;]<div id=\"sc_title_949233444\"\n\t\tclass=\"sc_title color_style_default sc_title_iconed\"><h1 class=\"sc_item_title sc_title_title sc_align_center sc_item_title_style_iconed sc_item_title_tag\">PAKIETY TRENINGOWE<\/h1><\/div><!-- \/.sc_title --><div id=\"sc_title_1186935627\"\n\t\tclass=\"sc_title color_style_default sc_title_default\"><h6 class=\"sc_item_title sc_title_title sc_align_center sc_item_title_style_default sc_item_title_tag\">WSZYSTKIE PAKIETY OBEJMUJ\u0104 WST\u0118P NA STRZELNIC\u0118, WYNAJ\u0118CIE BRONI ORAZ OPIEK\u0118 WYKWALIFIKOWANEGO INSTRUKTORA.<\/h6><\/div><!-- \/.sc_title -->[\/vc_column_inner][\/vc_row_inner][vc_empty_space alter_height=&#8221;small&#8221; hide_on_desktop=&#8221;&#8221; hide_on_notebook=&#8221;&#8221; hide_on_tablet=&#8221;&#8221; hide_on_mobile=&#8221;&#8221;]<div  id=\"sc_price_2015042254\" \r\n\tclass=\"sc_price color_style_default sc_price_style-2\"><div class=\"sc_price_columns_wrap sc_item_columns trx_addons_columns_wrap columns_padding_bottom\"><div class=\"trx_addons_column-1_3\"><div class=\"sc_price_item sc_price_item_style-2\">\r\n\t\t\t<div class=\"sc_price_item_info\"><h3 class=\"sc_price_item_title\"><span>Pakiet Platynowy<\/span><\/h3><div class=\"sc_price_item_price\"><span class=\"sc_price_item_price_value\">400 z\u0142<\/span><span class=\"sc_price_item_price_after\">\/wizyt\u0119<\/span><\/div><div class=\"sc_price_item_details\"><ul><li>do 2 h pobytu na strzelnicy<\/li><\/ul>\n<ul><li>instruktarz bezpiecze\u0144stwa<\/li><\/ul>\n<ul><li>instruktarz obs\u0142ugi i budowy broni<\/li><\/ul>\n<ul><li>pistolet - 9 mm, cal. 45, karabin AR-15<\/li><\/ul>\n<ul><li>25 strza\u0142\u00f3w 9 mm<\/li><\/ul>\n<ul><li>5 strza\u0142\u00f3w cal. 45<\/li><\/ul>\n<ul><li>5 strza\u0142\u00f3w AR-15<\/li><\/ul>\n<ul><li>pakiet mo\u017cna podzieli\u0107 na 2 inne osoby<\/li><\/ul>\n<ul><li><br>do wyboru 2 pistolety oraz karabin<\/ul><\/div><\/div><!-- \/.sc_price_item_info --><\/div><\/div><div class=\"trx_addons_column-1_3\"><div class=\"sc_price_item sc_price_item_style-2\">\r\n\t\t\t<div class=\"sc_price_item_info\"><h3 class=\"sc_price_item_title\"><span>Pakiet Z\u0142oty<\/span><\/h3><div class=\"sc_price_item_price\"><span class=\"sc_price_item_price_value\">300 z\u0142<\/span><span class=\"sc_price_item_price_after\">\/wizyt\u0119<\/span><\/div><div class=\"sc_price_item_details\"><ul><li>do 2 h pobytu na strzelnicy<\/li><\/ul>\n<ul><li>instruktarz bezpiecze\u0144stwa<\/li><\/ul>\n<ul><li>instruktarz obs\u0142ugi i budowy broni<\/li><\/ul>\n<ul><li>pistolet - 9 mm do cal. 45<\/li><\/ul>\n<ul><li>25 strza\u0142\u00f3w 9 mm<\/li><\/ul>\n<ul><li>15 strza\u0142\u00f3w cal. 45<\/li><\/ul>\n<ul><li>pakiet mo\u017cna podzieli\u0107 na 2 inne osoby<\/li><\/ul>\n<ul><li><br>do wyboru 2 pistolety<\/li><\/ul><\/div><\/div><!-- \/.sc_price_item_info --><\/div><\/div><div class=\"trx_addons_column-1_3\"><div class=\"sc_price_item sc_price_item_style-2\">\r\n\t\t\t<div class=\"sc_price_item_info\"><h3 class=\"sc_price_item_title\"><span>Pakiet Srebrny<\/span><\/h3><div class=\"sc_price_item_price\"><span class=\"sc_price_item_price_value\">200 z\u0142<\/span><span class=\"sc_price_item_price_after\">\/wizyt\u0119<\/span><\/div><div class=\"sc_price_item_details\"><ul><li>1 h pobytu na strzelnicy<\/li><\/ul>\n<ul><li>instruktarz bezpiecze\u0144stwa<\/li><\/ul>\n<ul><li>instruktarz obs\u0142ugi i budowy broni<\/li><\/ul>\n<ul><li>pistolet - 5,56 - 9 mm<\/li><\/ul>\n<ul><li>15 strza\u0142\u00f3w 5,56 mm<\/li><\/ul>\n<ul><li>10 strza\u0142\u00f3w 9 mm<\/li><\/ul>\n<ul><li>nie mo\u017cesz zaprosi\u0107 znajomego<\/li><\/ul>\n<ul><li><br>do wyboru 2 pistolety<\/li><\/ul><\/div><\/div><!-- \/.sc_price_item_info --><\/div><\/div><\/div><\/div><!-- \/.sc_price -->[vc_empty_space alter_height=&#8221;large&#8221; hide_on_desktop=&#8221;&#8221; hide_on_notebook=&#8221;&#8221; hide_on_tablet=&#8221;&#8221; hide_on_mobile=&#8221;&#8221; css=&#8221;.vc_custom_1519038672064{margin-top: 0.85rem !important;}&#8221;][\/vc_column][\/vc_row][vc_row][vc_column icons_position=&#8221;left&#8221;][vc_empty_space alter_height=&#8221;large&#8221; hide_on_desktop=&#8221;&#8221; hide_on_notebook=&#8221;&#8221; hide_on_tablet=&#8221;&#8221; hide_on_mobile=&#8221;&#8221; css=&#8221;.vc_custom_1519038723338{margin-top: 0.5rem !important;}&#8221;][\/vc_column][vc_column width=&#8221;1\/2&#8243; icons_position=&#8221;left&#8221;]<div id=\"sc_title_718844142\"\n\t\tclass=\"sc_title color_style_default sc_title_iconed\"><h1 class=\"sc_item_title sc_title_title sc_align_left sc_item_title_style_iconed sc_item_title_tag\">Op\u0142aty<\/h1><\/div><!-- \/.sc_title -->[vc_empty_space hide_on_desktop=&#8221;&#8221; hide_on_notebook=&#8221;&#8221; hide_on_tablet=&#8221;&#8221; hide_on_mobile=&#8221;&#8221; css=&#8221;.vc_custom_1519038769806{margin-top: -0.8rem !important;}&#8221;]<div id=\"sc_content_190384877\"\n\t\tclass=\"sc_content color_style_default sc_content_default sc_float_center sc_padding_medium  vc_custom_1519043962457\"><div class=\"sc_content_container\">[vc_column_text el_class=&#8221;trx_addons_range_fees_container&#8221;]<strong>OP\u0141ATY POZA PAKIETAMI:<\/strong><\/p>\n<p><span class=\"trx_addons_range_fees\">Op\u0142ata za tor &#8211; 50 z\u0142\/h\/o\u015b 25m<\/span><\/p>\n<p><span class=\"trx_addons_range_fees\">Zni\u017cka dla \u017co\u0142nierzy, kombatant\u00f3w, emeryt\u00f3w &#8211; 40 z\u0142\/h\/o\u015b 25m<\/span><\/p>\n<p><span class=\"trx_addons_range_fees\">Tarcze &#8211; 5 z\u0142 (tylko nasze tarcze)<\/span><\/p>\n<p><span class=\"trx_addons_range_fees\">Ochronniki s\u0142uchu &#8211; w cenie wizyty<\/span><\/p>\n<p><span class=\"trx_addons_range_fees\"><strong><span style=\"color: #ff6000;\">Oferta specjalna<\/span><\/strong>\u00a0&#8211; Ladys&#8217; Day &#8211; ka\u017cdy wtorek &#8211; 40 z\u0142\/h\/o\u015b 25m<\/span><\/p>\n<p><span class=\"trx_addons_range_fees\"><strong><span style=\"color: #ff6000;\">Birthday Special<\/span><\/strong> &#8211; W dzie\u0144 Twoich urodzin specjalna zni\u017cka &#8211; 30 z\u0142\/h\/o\u015b 25m<\/span>[\/vc_column_text][vc_empty_space alter_height=&#8221;small&#8221; hide_on_desktop=&#8221;&#8221; hide_on_notebook=&#8221;&#8221; hide_on_tablet=&#8221;&#8221; hide_on_mobile=&#8221;&#8221; css=&#8221;.vc_custom_1519039702057{margin-top: 0.35rem !important;}&#8221;]<a href=\"https:\/\/www.szkolacelu.pl\/index.php\/memberships\/\" id=\"sc_button_1438763604\" class=\"sc_button color_style_default sc_button_default sc_button_size_normal sc_button_icon_left\"><span class=\"sc_button_text\"><span class=\"sc_button_title\">Cz\u0142onkostwo<\/span><\/span><!-- \/.sc_button_text --><\/a><!-- \/.sc_button --><\/div><\/div><!-- \/.sc_content -->[\/vc_column][vc_column width=&#8221;1\/2&#8243; icons_position=&#8221;left&#8221;][vc_empty_space alter_height=&#8221;small&#8221; hide_on_desktop=&#8221;1&#8243; hide_on_notebook=&#8221;1&#8243; hide_on_tablet=&#8221;1&#8243; hide_on_mobile=&#8221;&#8221;]<div id=\"sc_title_1407127971\"\n\t\tclass=\"sc_title color_style_default sc_title_iconed\"><h1 class=\"sc_item_title sc_title_title sc_align_left sc_item_title_style_iconed sc_item_title_tag\">Wynajem broni<\/h1><\/div><!-- \/.sc_title -->[vc_empty_space hide_on_desktop=&#8221;&#8221; hide_on_notebook=&#8221;&#8221; hide_on_tablet=&#8221;&#8221; hide_on_mobile=&#8221;&#8221; css=&#8221;.vc_custom_1519038769806{margin-top: -0.8rem !important;}&#8221;]<div id=\"sc_services_1191153875\" class=\"sc_services color_style_default sc_services_rental sc_services_featured_top\"><div class=\"sc_services_content sc_item_content sc_item_columns_1\"><div class=\"sc_services_item no_links with_content with_image sc_services_item_featured_top post-902 cpt_services type-cpt_services status-publish has-post-thumbnail hentry cpt_services_group-firearm-rentals\">\r\n\t<div class=\"post_featured with_thumb hover_dots sc_services_item_thumb\"><img decoding=\"async\" width=\"568\" height=\"379\" src=\"https:\/\/www.szkolacelu.pl\/wp-content\/uploads\/2017\/11\/shop-7-copyright-568x379.jpg\" class=\"attachment-honor-thumb-rental size-honor-thumb-rental wp-post-image\" alt=\"\" srcset=\"https:\/\/www.szkolacelu.pl\/wp-content\/uploads\/2017\/11\/shop-7-copyright-568x379.jpg 568w, https:\/\/www.szkolacelu.pl\/wp-content\/uploads\/2017\/11\/shop-7-copyright-124x84.jpg 124w\" sizes=\"(max-width: 568px) 100vw, 568px\" \/><div class=\"mask\"><\/div><a href=\"https:\/\/www.szkolacelu.pl\/index.php\/services\/gr16-ranger-aeg-rifle\/\" aria-hidden=\"true\" class=\"icons\"><span><\/span><span><\/span><span><\/span><\/a><\/div>\t\r\n\t<div class=\"sc_services_item_info\">\r\n\t\t<div class=\"sc_services_item_header\">\r\n\t\t\t<h6 class=\"sc_services_item_title with_price\"><a href=\"https:\/\/www.szkolacelu.pl\/index.php\/services\/gr16-ranger-aeg-rifle\/\">GR16 Ranger AEG Rifle<\/a><\/h6>\r\n\t\t<\/div>\r\n\t\t\t\t\t<div class=\"sc_services_item_content\"><p>Posiadamy spory wyb\u00f3r karabin\u00f3w taktycznych<\/p>\n<\/div><div class=\"sc_services_item_price\"><span class=\"sc_services_item_price_value\">100<span class=\"sc_services_item_price_decimals\">.00 z\u0142\/h<\/span><\/span><\/div><\/div>\r\n<\/div>\r\n<\/div><\/div><!-- \/.sc_services -->[\/vc_column][\/vc_row]<\/p>\n","protected":false},"excerpt":{"rendered":"<p>[vc_row content_placement=&#8221;middle&#8221;][vc_column width=&#8221;1\/2&#8243; icons_position=&#8221;left&#8221;][vc_empty_space alter_height=&#8221;medium&#8221; hide_on_desktop=&#8221;1&#8243; hide_on_notebook=&#8221;1&#8243; hide_on_tablet=&#8221;1&#8243; hide_on_mobile=&#8221;&#8221;][\/vc_column][vc_column width=&#8221;1\/2&#8243; icons_position=&#8221;left&#8221;][\/vc_column][\/vc_row][vc_row][vc_column hide_bg_image_on_tablet=&#8221;&#8221; hide_bg_image_on_mobile=&#8221;&#8221; icons_position=&#8221;left&#8221; css=&#8221;.vc_custom_1511878632961{background-size: cover !important;}&#8221;][vc_empty_space alter_height=&#8221;large&#8221; hide_on_desktop=&#8221;&#8221; hide_on_notebook=&#8221;&#8221; hide_on_tablet=&#8221;&#8221; hide_on_mobile=&#8221;&#8221;][vc_empty_space alter_height=&#8221;large&#8221;&hellip;<\/p>\n","protected":false},"author":1,"featured_media":0,"parent":0,"menu_order":0,"comment_status":"closed","ping_status":"closed","template":"","meta":{"footnotes":""},"class_list":["post-64","page","type-page","status-publish","hentry"],"_links":{"self":[{"href":"https:\/\/www.szkolacelu.pl\/index.php\/wp-json\/wp\/v2\/pages\/64","targetHints":{"allow":["GET"]}}],"collection":[{"href":"https:\/\/www.szkolacelu.pl\/index.php\/wp-json\/wp\/v2\/pages"}],"about":[{"href":"https:\/\/www.szkolacelu.pl\/index.php\/wp-json\/wp\/v2\/types\/page"}],"author":[{"embeddable":true,"href":"https:\/\/www.szkolacelu.pl\/index.php\/wp-json\/wp\/v2\/users\/1"}],"replies":[{"embeddable":true,"href":"https:\/\/www.szkolacelu.pl\/index.php\/wp-json\/wp\/v2\/comments?post=64"}],"version-history":[{"count":39,"href":"https:\/\/www.szkolacelu.pl\/index.php\/wp-json\/wp\/v2\/pages\/64\/revisions"}],"predecessor-version":[{"id":4908,"href":"https:\/\/www.szkolacelu.pl\/index.php\/wp-json\/wp\/v2\/pages\/64\/revisions\/4908"}],"wp:attachment":[{"href":"https:\/\/www.szkolacelu.pl\/index.php\/wp-json\/wp\/v2\/media?parent=64"}],"curies":[{"name":"wp","href":"https:\/\/api.w.org\/{rel}","templated":true}]}}