{"id":66,"date":"2017-11-27T14:43:04","date_gmt":"2017-11-27T14:43:04","guid":{"rendered":"https:\/\/www.szkolacelu.pl\/?page_id=66"},"modified":"2021-10-01T13:24:07","modified_gmt":"2021-10-01T13:24:07","slug":"nasze-kursy","status":"publish","type":"page","link":"https:\/\/www.szkolacelu.pl\/index.php\/nasze-kursy\/","title":{"rendered":"Nasze kursy"},"content":{"rendered":"<p>[vc_row][vc_column icons_position=&#8221;left&#8221;]<div  id=\"sc_courses_289486333\"\t\tclass=\"sc_courses color_style_default sc_courses_default\"><div class=\"sc_courses_columns_wrap sc_item_columns trx_addons_columns_wrap columns_padding_bottom\"><div class=\"trx_addons_column-1_2\"><div class=\"sc_courses_item trx_addons_hover trx_addons_hover_style_links\">\n\t\t\t<div class=\"sc_courses_item_thumb\">\n\t\t\t<img fetchpriority=\"high\" decoding=\"async\" width=\"568\" height=\"339\" src=\"https:\/\/www.szkolacelu.pl\/wp-content\/uploads\/2017\/11\/event-1-copyright-568x339.jpg\" class=\"attachment-honor-thumb-courses size-honor-thumb-courses wp-post-image\" alt=\"Treningi indywidualne\" \/>\t\t\t<span class=\"sc_courses_item_categories\"><\/span>\n\t\t<\/div>\n\t\t<div class=\"sc_courses_item_info\">\n\t\t<div class=\"sc_courses_item_header\">\n\t\t\t<h3 class=\"sc_courses_item_title\">Treningi indywidualne<\/h3>\n\t\t\t<div class=\"sc_courses_item_meta\">\n\t\t\t\t<span class=\"sc_courses_item_meta_item sc_courses_item_meta_date\">21 kwietnia, 2026<\/span><span class=\"sc_courses_item_meta_item sc_courses_item_meta_time\">16:00 - 20:00<\/span>            <\/div>\n\t\t<\/div>\n\t\t<div class=\"sc_courses_item_price\">od 100 z\u0142<span class=\"sc_courses_item_period\">h<\/span><\/div>\n\t<\/div>\n\t<div class=\"trx_addons_hover_mask\"><\/div>\n\t<div class=\"trx_addons_hover_content\">\n\t\t<h4 class=\"trx_addons_hover_title\">Treningi indywidualne<\/h4>\n\t\t\t\t\t<div class=\"trx_addons_hover_text\">Trening indywidualny jest najlepsz\u0105 form\u0105 nauki strzelectwa, szlifowania formy oraz nawyk\u00f3w, zale\u017cnie od potrzeb, kt\u00f3re okre\u015bli Klient. Zobacz w czym mo\u017cemy Tobie pom\u00f3c.<\/div>\n\t\t\t\t<div class=\"trx_addons_hover_links\">\n\t\t\t<a href=\"https:\/\/www.szkolacelu.pl\/index.php\/courses\/treningi-indywidualne\/\" class=\"sc_button trx_addons_hover_link\">view details<\/a>\n\t\t\t\t\t<\/div>\n\t<\/div>\n<\/div>\n<\/div><div class=\"trx_addons_column-1_2\"><div class=\"sc_courses_item trx_addons_hover trx_addons_hover_style_links\">\n\t\t\t<div class=\"sc_courses_item_thumb\">\n\t\t\t<img decoding=\"async\" width=\"568\" height=\"339\" src=\"https:\/\/www.szkolacelu.pl\/wp-content\/uploads\/2017\/11\/classes-6-copyright-568x339.jpg\" class=\"attachment-honor-thumb-courses size-honor-thumb-courses wp-post-image\" alt=\"Szkolenie do pozwolenia na bro\u0144\" srcset=\"https:\/\/www.szkolacelu.pl\/wp-content\/uploads\/2017\/11\/classes-6-copyright-568x339.jpg 568w, https:\/\/www.szkolacelu.pl\/wp-content\/uploads\/2017\/11\/classes-6-copyright-300x179.jpg 300w, https:\/\/www.szkolacelu.pl\/wp-content\/uploads\/2017\/11\/classes-6-copyright-1024x611.jpg 1024w, https:\/\/www.szkolacelu.pl\/wp-content\/uploads\/2017\/11\/classes-6-copyright-768x458.jpg 768w, https:\/\/www.szkolacelu.pl\/wp-content\/uploads\/2017\/11\/classes-6-copyright-1536x916.jpg 1536w, https:\/\/www.szkolacelu.pl\/wp-content\/uploads\/2017\/11\/classes-6-copyright-370x221.jpg 370w, https:\/\/www.szkolacelu.pl\/wp-content\/uploads\/2017\/11\/classes-6-copyright-760x453.jpg 760w, https:\/\/www.szkolacelu.pl\/wp-content\/uploads\/2017\/11\/classes-6-copyright.jpg 1920w\" sizes=\"(max-width: 568px) 100vw, 568px\" \/>\t\t\t<span class=\"sc_courses_item_categories\"><\/span>\n\t\t<\/div>\n\t\t<div class=\"sc_courses_item_info\">\n\t\t<div class=\"sc_courses_item_header\">\n\t\t\t<h3 class=\"sc_courses_item_title\">Szkolenie do pozwolenia na bro\u0144<\/h3>\n\t\t\t<div class=\"sc_courses_item_meta\">\n\t\t\t\t<span class=\"sc_courses_item_meta_item sc_courses_item_meta_date\">21 kwietnia, 2026<\/span><span class=\"sc_courses_item_meta_item sc_courses_item_meta_time\">16:00 - 20:00<\/span>            <\/div>\n\t\t<\/div>\n\t\t<div class=\"sc_courses_item_price\">790<span class=\"sc_courses_item_price_decimals\">.00 z\u0142<\/span><\/div>\n\t<\/div>\n\t<div class=\"trx_addons_hover_mask\"><\/div>\n\t<div class=\"trx_addons_hover_content\">\n\t\t<h4 class=\"trx_addons_hover_title\">Szkolenie do pozwolenia na bro\u0144<\/h4>\n\t\t\t\t\t<div class=\"trx_addons_hover_text\">Zosta\u0144 cz\u0142onkiem Klubu i rozpocznij starania o uzyskanie pozwolenia na bro\u0144. Pomo\u017cemy si\u0119 przygotowa\u0107 do egzaminu teoretycznego i praktycznego.<\/div>\n\t\t\t\t<div class=\"trx_addons_hover_links\">\n\t\t\t<a href=\"https:\/\/www.szkolacelu.pl\/index.php\/courses\/szkolenie-do-pozwolenia-na-bron\/\" class=\"sc_button trx_addons_hover_link\">view details<\/a>\n\t\t\t\t\t<\/div>\n\t<\/div>\n<\/div>\n<\/div><div class=\"trx_addons_column-1_2\"><div class=\"sc_courses_item trx_addons_hover trx_addons_hover_style_links\">\n\t\t\t<div class=\"sc_courses_item_thumb\">\n\t\t\t<img decoding=\"async\" width=\"568\" height=\"339\" src=\"https:\/\/www.szkolacelu.pl\/wp-content\/uploads\/2019\/11\/444-copyright-scaled-568x339.jpg\" class=\"attachment-honor-thumb-courses size-honor-thumb-courses wp-post-image\" alt=\"LEVEL 1\" \/>\t\t\t<span class=\"sc_courses_item_categories\"><\/span>\n\t\t<\/div>\n\t\t<div class=\"sc_courses_item_info\">\n\t\t<div class=\"sc_courses_item_header\">\n\t\t\t<h3 class=\"sc_courses_item_title\">LEVEL 1<\/h3>\n\t\t\t<div class=\"sc_courses_item_meta\">\n\t\t\t\t<span class=\"sc_courses_item_meta_item sc_courses_item_meta_date\">21 kwietnia, 2026<\/span><span class=\"sc_courses_item_meta_item sc_courses_item_meta_time\">16:00 - 20.00<\/span>            <\/div>\n\t\t<\/div>\n\t\t<div class=\"sc_courses_item_price\">690<span class=\"sc_courses_item_price_decimals\">.00 z\u0142<\/span><\/div>\n\t<\/div>\n\t<div class=\"trx_addons_hover_mask\"><\/div>\n\t<div class=\"trx_addons_hover_content\">\n\t\t<h4 class=\"trx_addons_hover_title\">LEVEL 1<\/h4>\n\t\t\t\t\t<div class=\"trx_addons_hover_text\">Jest to szkolenie, skierowane do wszystkich ch\u0119tnych, kt\u00f3rzy mieli ju\u017c kontakt z broni\u0105 i chcieliby rozpocz\u0105\u0107 dalsze poszerzanie swojego do\u015bwiadczenia strzeleckiego.<\/div>\n\t\t\t\t<div class=\"trx_addons_hover_links\">\n\t\t\t<a href=\"https:\/\/www.szkolacelu.pl\/index.php\/courses\/level-1\/\" class=\"sc_button trx_addons_hover_link\">view details<\/a>\n\t\t\t\t\t<\/div>\n\t<\/div>\n<\/div>\n<\/div><div class=\"trx_addons_column-1_2\"><div class=\"sc_courses_item trx_addons_hover trx_addons_hover_style_links\">\n\t\t\t<div class=\"sc_courses_item_thumb\">\n\t\t\t<img loading=\"lazy\" decoding=\"async\" width=\"568\" height=\"339\" src=\"https:\/\/www.szkolacelu.pl\/wp-content\/uploads\/2017\/11\/image-2-copyright-568x339.jpg\" class=\"attachment-honor-thumb-courses size-honor-thumb-courses wp-post-image\" alt=\"LEVEL 2\" \/>\t\t\t<span class=\"sc_courses_item_categories\"><\/span>\n\t\t<\/div>\n\t\t<div class=\"sc_courses_item_info\">\n\t\t<div class=\"sc_courses_item_header\">\n\t\t\t<h3 class=\"sc_courses_item_title\">LEVEL 2<\/h3>\n\t\t\t<div class=\"sc_courses_item_meta\">\n\t\t\t\t<span class=\"sc_courses_item_meta_item sc_courses_item_meta_date\">21 kwietnia, 2026<\/span><span class=\"sc_courses_item_meta_item sc_courses_item_meta_time\">16:00 - 20.00<\/span>            <\/div>\n\t\t<\/div>\n\t\t<div class=\"sc_courses_item_price\">890<span class=\"sc_courses_item_price_decimals\">.00 z\u0142<\/span><\/div>\n\t<\/div>\n\t<div class=\"trx_addons_hover_mask\"><\/div>\n\t<div class=\"trx_addons_hover_content\">\n\t\t<h4 class=\"trx_addons_hover_title\">LEVEL 2<\/h4>\n\t\t\t\t\t<div class=\"trx_addons_hover_text\">Szkolenie rozszerzaj\u0105ce umiej\u0119tno\u015bci o dzia\u0142anie dynamiczne, skierowane na wi\u0119cej ni\u017c jeden cel.<\/div>\n\t\t\t\t<div class=\"trx_addons_hover_links\">\n\t\t\t<a href=\"https:\/\/www.szkolacelu.pl\/index.php\/courses\/level-2\/\" class=\"sc_button trx_addons_hover_link\">view details<\/a>\n\t\t\t\t\t<\/div>\n\t<\/div>\n<\/div>\n<\/div><div class=\"trx_addons_column-1_2\"><div class=\"sc_courses_item trx_addons_hover trx_addons_hover_style_links\">\n\t\t\t<div class=\"sc_courses_item_thumb\">\n\t\t\t<img loading=\"lazy\" decoding=\"async\" width=\"568\" height=\"339\" src=\"https:\/\/www.szkolacelu.pl\/wp-content\/uploads\/2017\/11\/classes-5-copyright-568x339.jpg\" class=\"attachment-honor-thumb-courses size-honor-thumb-courses wp-post-image\" alt=\"Pistolet BASIC &#8211; LEVEL 0\" srcset=\"https:\/\/www.szkolacelu.pl\/wp-content\/uploads\/2017\/11\/classes-5-copyright-568x339.jpg 568w, https:\/\/www.szkolacelu.pl\/wp-content\/uploads\/2017\/11\/classes-5-copyright-300x179.jpg 300w, https:\/\/www.szkolacelu.pl\/wp-content\/uploads\/2017\/11\/classes-5-copyright-1024x611.jpg 1024w, https:\/\/www.szkolacelu.pl\/wp-content\/uploads\/2017\/11\/classes-5-copyright-768x458.jpg 768w, https:\/\/www.szkolacelu.pl\/wp-content\/uploads\/2017\/11\/classes-5-copyright-1536x916.jpg 1536w, https:\/\/www.szkolacelu.pl\/wp-content\/uploads\/2017\/11\/classes-5-copyright-370x221.jpg 370w, https:\/\/www.szkolacelu.pl\/wp-content\/uploads\/2017\/11\/classes-5-copyright-760x453.jpg 760w, https:\/\/www.szkolacelu.pl\/wp-content\/uploads\/2017\/11\/classes-5-copyright.jpg 1920w\" sizes=\"(max-width: 568px) 100vw, 568px\" \/>\t\t\t<span class=\"sc_courses_item_categories\"><\/span>\n\t\t<\/div>\n\t\t<div class=\"sc_courses_item_info\">\n\t\t<div class=\"sc_courses_item_header\">\n\t\t\t<h3 class=\"sc_courses_item_title\">Pistolet BASIC &#8211; LEVEL 0<\/h3>\n\t\t\t<div class=\"sc_courses_item_meta\">\n\t\t\t\t<span class=\"sc_courses_item_meta_item sc_courses_item_meta_date\">21 kwietnia, 2026<\/span><span class=\"sc_courses_item_meta_item sc_courses_item_meta_time\">Termin: 12.04.2025 r. - 9:00 - 12:00<\/span>            <\/div>\n\t\t<\/div>\n\t\t<div class=\"sc_courses_item_price\">750<span class=\"sc_courses_item_price_decimals\">.00 z\u0142<\/span><\/div>\n\t<\/div>\n\t<div class=\"trx_addons_hover_mask\"><\/div>\n\t<div class=\"trx_addons_hover_content\">\n\t\t<h4 class=\"trx_addons_hover_title\">Pistolet BASIC &#8211; LEVEL 0<\/h4>\n\t\t\t\t\t<div class=\"trx_addons_hover_text\">Je\u015bli chcesz si\u0119 zapozna\u0107 z budow\u0105 broni, nie mia\u0142e\u015b nigdy okazji trzyma\u0107 w d\u0142oniach prawdziwego pistoletu lub te\u017c nie wiesz czy strzelectwo jest dla Ciebie\u2026 to trafi\u0142e\u015b we w\u0142a\u015bciwe miejsce.<\/div>\n\t\t\t\t<div class=\"trx_addons_hover_links\">\n\t\t\t<a href=\"https:\/\/www.szkolacelu.pl\/index.php\/courses\/pistolet-dla-poczatkujacych\/\" class=\"sc_button trx_addons_hover_link\">view details<\/a>\n\t\t\t\t\t\t<a href=\"https:\/\/www.szkolacelu.pl\/index.php\/\/courses\/pistolet-dla-poczatkujacych\/\" class=\"sc_button trx_addons_hover_link2\">Buy Now<\/a>\n\t\t\t\t\t<\/div>\n\t<\/div>\n<\/div>\n<\/div><\/div><\/div><!-- \/.sc_courses -->[\/vc_column][\/vc_row]<\/p>\n","protected":false},"excerpt":{"rendered":"<p>[vc_row][vc_column icons_position=&#8221;left&#8221;][\/vc_column][\/vc_row]<\/p>\n","protected":false},"author":1,"featured_media":0,"parent":0,"menu_order":0,"comment_status":"closed","ping_status":"closed","template":"","meta":{"footnotes":""},"class_list":["post-66","page","type-page","status-publish","hentry"],"_links":{"self":[{"href":"https:\/\/www.szkolacelu.pl\/index.php\/wp-json\/wp\/v2\/pages\/66","targetHints":{"allow":["GET"]}}],"collection":[{"href":"https:\/\/www.szkolacelu.pl\/index.php\/wp-json\/wp\/v2\/pages"}],"about":[{"href":"https:\/\/www.szkolacelu.pl\/index.php\/wp-json\/wp\/v2\/types\/page"}],"author":[{"embeddable":true,"href":"https:\/\/www.szkolacelu.pl\/index.php\/wp-json\/wp\/v2\/users\/1"}],"replies":[{"embeddable":true,"href":"https:\/\/www.szkolacelu.pl\/index.php\/wp-json\/wp\/v2\/comments?post=66"}],"version-history":[{"count":3,"href":"https:\/\/www.szkolacelu.pl\/index.php\/wp-json\/wp\/v2\/pages\/66\/revisions"}],"predecessor-version":[{"id":4595,"href":"https:\/\/www.szkolacelu.pl\/index.php\/wp-json\/wp\/v2\/pages\/66\/revisions\/4595"}],"wp:attachment":[{"href":"https:\/\/www.szkolacelu.pl\/index.php\/wp-json\/wp\/v2\/media?parent=66"}],"curies":[{"name":"wp","href":"https:\/\/api.w.org\/{rel}","templated":true}]}}