{"id":67,"date":"2017-11-27T14:43:14","date_gmt":"2017-11-27T14:43:14","guid":{"rendered":"https:\/\/www.szkolacelu.pl\/?page_id=67"},"modified":"2022-01-21T20:11:41","modified_gmt":"2022-01-21T20:11:41","slug":"memberships","status":"publish","type":"page","link":"https:\/\/www.szkolacelu.pl\/index.php\/memberships\/","title":{"rendered":"Cz\u0142onkostwo"},"content":{"rendered":"<p>[vc_row full_width=&#8221;stretch_row&#8221; hide_bg_image_on_tablet=&#8221;&#8221; hide_bg_image_on_mobile=&#8221;1&#8243; css=&#8221;.vc_custom_1521469494099{background-image: url(https:\/\/www.szkolacelu.pl\/wp-content\/uploads\/2017\/11\/bg-3-copyright.jpg?id=412) !important;background-position: center !important;background-repeat: no-repeat !important;background-size: cover !important;}&#8221;][vc_column icons_position=&#8221;left&#8221;][vc_empty_space alter_height=&#8221;large&#8221; hide_on_desktop=&#8221;&#8221; hide_on_notebook=&#8221;&#8221; hide_on_tablet=&#8221;&#8221; hide_on_mobile=&#8221;1&#8243;][\/vc_column][vc_column width=&#8221;1\/2&#8243; icons_position=&#8221;left&#8221;][vc_empty_space alter_height=&#8221;medium&#8221; hide_on_desktop=&#8221;&#8221; hide_on_notebook=&#8221;&#8221; hide_on_tablet=&#8221;&#8221; hide_on_mobile=&#8221;&#8221; css=&#8221;.vc_custom_1519301548668{margin-top: 1.15rem !important;}&#8221;]<div id=\"sc_title_240243509\"\n\t\tclass=\"sc_title color_style_default sc_title_iconed\"><h1 class=\"sc_item_title sc_title_title sc_align_left sc_item_title_style_iconed sc_item_title_tag\">Ciesz si\u0119 z przywilej\u00f3w<\/h1><\/div><!-- \/.sc_title -->[vc_empty_space hide_on_desktop=&#8221;&#8221; hide_on_notebook=&#8221;&#8221; hide_on_tablet=&#8221;&#8221; hide_on_mobile=&#8221;&#8221; css=&#8221;.vc_custom_1519293915920{margin-top: -0.6rem !important;}&#8221;][vc_column_text]Jeste\u015bmy otwarci dla szerokiego grona przyjaci\u00f3\u0142 strzelectwa. Nasze pakiety treningowe i szkoleniowe s\u0105 tak zaprojektowane aby dos\u0142ownie ka\u017cdy m\u00f3g\u0142 odkry\u0107 i spr\u00f3bowa\u0107 strzelectwa.<\/p>\n<p>Od zawsze wsp\u00f3\u0142pracujemy ze Sportowym Klubem Strzeleckim &#8222;Dw\u00f3r Grunwaldzki&#8221;. To tutaj rozpoczynali\u015bmy i kontynuowali\u015bmy swoj\u0105 przygod\u0119 zestrzelectwem i sportem strzeleckim. Aktywnie uczestniczymy w \u017cyciu i rozwoju SKS. Wsp\u00f3\u0142praca z Dworem Grunwaldzkim pozwala nam Was przygotowa\u0107 do patentu strzeleckiego, kt\u00f3ry z kolei jest sk\u0142adow\u0105 potrzebn\u0105 do uzyskania pozwolenia do posiadania broni.<\/p>\n<p>Cz\u0142onkostwo w klubie niesie z sob\u0105 wiele korzy\u015bci, takich jak m.in. nieodp\u0142atny dost\u0119p do osi strzeleckich, dost\u0119p do klubowego arsena\u0142u, w kt\u00f3rym znajduje si\u0119 wiele modeli pistolet\u00f3w, karabin\u00f3w i strzelb g\u0142adkolufowych. Ponadto b\u0119d\u0105c cz\u0142onkiem Klubu masz wi\u0119ksze mo\u017cliwo\u015bci aby &#8222;zarazi\u0107&#8221; strzelectwem Twoich znajomych, przyjaci\u00f3\u0142. :)[\/vc_column_text][vc_empty_space alter_height=&#8221;medium&#8221; hide_on_desktop=&#8221;&#8221; hide_on_notebook=&#8221;&#8221; hide_on_tablet=&#8221;&#8221; hide_on_mobile=&#8221;&#8221; css=&#8221;.vc_custom_1519294269681{margin-top: 0.95rem !important;}&#8221;][vc_empty_space alter_height=&#8221;large&#8221; hide_on_desktop=&#8221;&#8221; hide_on_notebook=&#8221;&#8221; hide_on_tablet=&#8221;&#8221; hide_on_mobile=&#8221;1&#8243;][\/vc_column][\/vc_row][vc_row full_width=&#8221;stretch_row&#8221; scheme=&#8221;dark&#8221; hide_bg_image_on_tablet=&#8221;&#8221; hide_bg_image_on_mobile=&#8221;&#8221; css=&#8221;.vc_custom_1511964719560{background-image: url(https:\/\/www.szkolacelu.pl\/wp-content\/uploads\/2017\/11\/bg-4-copyright.jpg?id=415) !important;background-position: top left !important;background-repeat: no-repeat !important;background-size: cover !important;}&#8221;][vc_column width=&#8221;1\/2&#8243; icons_position=&#8221;left&#8221; offset=&#8221;vc_col-sm-offset-3&#8243;][vc_empty_space alter_height=&#8221;huge&#8221; hide_on_desktop=&#8221;&#8221; hide_on_notebook=&#8221;&#8221; hide_on_tablet=&#8221;&#8221; hide_on_mobile=&#8221;&#8221; css=&#8221;.vc_custom_1519294913035{margin-top: 0.7rem !important;}&#8221;]<div id=\"sc_title_1849897103\"\n\t\tclass=\"sc_title color_style_default sc_title_iconed\"><h1 class=\"sc_item_title sc_title_title sc_align_center sc_item_title_style_iconed sc_item_title_tag\">Pakiety treningowe<\/h1><\/div><!-- \/.sc_title -->[vc_empty_space hide_on_desktop=&#8221;&#8221; hide_on_notebook=&#8221;&#8221; hide_on_tablet=&#8221;&#8221; hide_on_mobile=&#8221;&#8221; css=&#8221;.vc_custom_1519294949552{margin-top: -0.8rem !important;}&#8221;]<div id=\"sc_title_196337740\"\n\t\tclass=\"sc_title color_style_default sc_title_default\"><h6 class=\"sc_item_title sc_title_title sc_align_center sc_item_title_style_default sc_item_title_tag\">WSZYSTKIE PAKIETY OBEJMUJ\u0104 WST\u0118P NA STRZELNIC\u0118, WYNAJ\u0118CIE BRONI ORAZ OPIEK\u0118 WYKWALIFIKOWANEGO INSTRUKTORA.<\/h6><\/div><!-- \/.sc_title -->[vc_empty_space alter_height=&#8221;small&#8221; hide_on_desktop=&#8221;&#8221; hide_on_notebook=&#8221;&#8221; hide_on_tablet=&#8221;&#8221; hide_on_mobile=&#8221;&#8221;][\/vc_column][vc_column icons_position=&#8221;left&#8221;]<div  id=\"sc_price_1776110817\" \r\n\tclass=\"sc_price color_style_default sc_price_default\"><div class=\"sc_price_columns_wrap sc_item_columns trx_addons_columns_wrap columns_padding_bottom\"><div class=\"trx_addons_column-1_3\"><div class=\"sc_price_item sc_price_item_default\">\r\n\t\t\t<div class=\"sc_price_item_info\"><div class=\"sc_price_item_price\"><span class=\"sc_price_item_price_value\">400 z\u0142<\/span><span class=\"sc_price_item_price_after\">\/wizyt\u0119<\/span><\/div><h3 class=\"sc_price_item_title\"><span>Pakiet Platynowy<\/span><\/h3><div class=\"sc_price_item_details\"><ul><li>do 2 h pobytu na strzelnicy<\/li>\n<ul><li>instruktarz bezpiecze\u0144stwa<\/li>\n<ul><li>instruktarz obs\u0142ugi broni<\/li>\n<ul><li>pistolet - 9 mm, cal. 45, karabin AR-15<\/li>\n<ul><li>25 strza\u0142\u00f3w 9 mm<\/li>\n<ul><li>25 strza\u0142\u00f3w cal. 45<\/li>\n<ul><li>pakiet mo\u017cna podzieli\u0107 na 2 inne osoby<\/li>\n<li><br>do wyboru 2 pistolety oraz karabin<\/ul><\/div><a href=\"http:\/\/www.szkolacelu.pl\/index.php\/home-6-reservation\/\" class=\"sc_price_item_link sc_button\">Zarezerwuj wizyt\u0119<\/a><\/div><!-- \/.sc_price_item_info --><\/div><\/div><div class=\"trx_addons_column-1_3\"><div class=\"sc_price_item sc_price_item_default\">\r\n\t\t\t<div class=\"sc_price_item_info\"><div class=\"sc_price_item_price\"><span class=\"sc_price_item_price_value\">300 z\u0142<\/span><span class=\"sc_price_item_price_after\">\/wizyt\u0119<\/span><\/div><h3 class=\"sc_price_item_title\"><span>Pakiet Z\u0142oty<\/span><\/h3><div class=\"sc_price_item_details\"><ul><li>do 2 h pobytu na strzelnicy<\/li>\n<ul><li>instruktarz bezpiecze\u0144stwa<\/li>\n<ul><li>instruktarz obs\u0142ugi broni<\/li>\n<ul><li>pistolet - 9 mm do cal. 45<\/li>\n<ul><li>25 strza\u0142\u00f3w 9 mm<\/li>\n<ul><li>20 strza\u0142\u00f3w cal. 45<\/li>\n<ul><li>pakiet mo\u017cna podzieli\u0107 na 2 inne osoby<\/li>\n<li><br>do wyboru 2 pistolety<\/ul><\/div><a href=\"http:\/\/www.szkolacelu.pl\/index.php\/home-6-reservation\/\" class=\"sc_price_item_link sc_button\">Zarezerwuj wizyt\u0119<\/a><\/div><!-- \/.sc_price_item_info --><\/div><\/div><div class=\"trx_addons_column-1_3\"><div class=\"sc_price_item sc_price_item_default\">\r\n\t\t\t<div class=\"sc_price_item_info\"><div class=\"sc_price_item_price\"><span class=\"sc_price_item_price_value\">200 z\u0142<\/span><span class=\"sc_price_item_price_after\">\/wizyt\u0119<\/span><\/div><h3 class=\"sc_price_item_title\"><span>Pakiet Srebrny<\/span><\/h3><div class=\"sc_price_item_details\"><ul><li>1 h pobytu na strzelnicy<\/li>\n<ul><li>instruktarz bezpiecze\u0144stwa<\/li>\n<ul><li>instruktarz obs\u0142ugi broni<\/li>\n<ul><li>pistolet - 5,56 - 9 mm<\/li>\n<ul><li>15 strza\u0142\u00f3w 5,56 mm<\/li>\n<ul><li>15 strza\u0142\u00f3w 9 mm<\/li>\n<ul><li>nie mo\u017cesz zaprosi\u0107 znajomego<\/li>\n<li><br>do wyboru 2 pistolety<\/ul><\/div><a href=\"http:\/\/www.szkolacelu.pl\/index.php\/home-6-reservation\/\" class=\"sc_price_item_link sc_button\">Zarezerwuj wizyt\u0119<\/a><\/div><!-- \/.sc_price_item_info --><\/div><\/div><\/div><\/div><!-- \/.sc_price -->[vc_empty_space alter_height=&#8221;large&#8221; hide_on_desktop=&#8221;&#8221; hide_on_notebook=&#8221;&#8221; hide_on_tablet=&#8221;&#8221; hide_on_mobile=&#8221;&#8221; css=&#8221;.vc_custom_1519295297633{margin-top: 0.8rem !important;}&#8221;][\/vc_column][\/vc_row][vc_row content_placement=&#8221;middle&#8221; hide_bg_image_on_tablet=&#8221;&#8221; hide_bg_image_on_mobile=&#8221;&#8221;][vc_column width=&#8221;1\/2&#8243; icons_position=&#8221;left&#8221;][vc_single_image image=&#8221;417&#8243; img_size=&#8221;full&#8221; el_class=&#8221;membership_img&#8221;][\/vc_column][vc_column width=&#8221;1\/2&#8243; icons_position=&#8221;left&#8221;][vc_empty_space alter_height=&#8221;medium&#8221; hide_on_desktop=&#8221;&#8221; hide_on_notebook=&#8221;&#8221; hide_on_tablet=&#8221;&#8221; hide_on_mobile=&#8221;&#8221;]<div id=\"sc_title_961768880\"\n\t\tclass=\"sc_title color_style_default sc_title_iconed\"><h1 class=\"sc_item_title sc_title_title sc_align_left sc_item_title_style_iconed sc_item_title_tag\">Zni\u017cki dla S\u0142u\u017cb Mundurowych i Agencji Ochrony<\/h1><div class=\"sc_item_descr sc_title_descr sc_align_left\"><p><strong>Jeste\u015bmy z tymi, kt\u00f3rzy strzeg\u0105 bezpiecze\u0144stwa naszej Ojczyzny i lokalnej spo\u0142eczno\u015bci.<\/strong><br \/>\nZapewniamy konkurencyjne stawki za realizacj\u0119 strzela\u0144 i szkole\u0144 w ramach strzelnicy SKS Dw\u00f3r Grunwaldzki.<br \/>\nSzkolenia mog\u0105 by\u0107 realizowane w ramach wynajmu obiektu lub szkole\u0144 realizowanych przez SZKO\u0141ACELU.pl<br \/>\nJe\u015bli wst\u0105pisz do naszego Klubu b\u0119dziesz m\u00f3g\u0142 uczestniczy\u0107 w wydarzeniach sportowych, cyklicznych wydarzeniach \"Monday night shooters\" oraz innych corocznych eventach.<\/p>\n<\/div><\/div><!-- \/.sc_title -->[vc_empty_space alter_height=&#8221;medium&#8221; hide_on_desktop=&#8221;&#8221; hide_on_notebook=&#8221;&#8221; hide_on_tablet=&#8221;&#8221; hide_on_mobile=&#8221;&#8221;][\/vc_column][\/vc_row][vc_row full_width=&#8221;stretch_row&#8221; scheme=&#8221;dark&#8221; hide_bg_image_on_tablet=&#8221;&#8221; hide_bg_image_on_mobile=&#8221;&#8221; css=&#8221;.vc_custom_1511965434506{background-image: url(https:\/\/www.szkolacelu.pl\/wp-content\/uploads\/2017\/11\/bg-5.jpg?id=423) !important;background-position: center !important;background-repeat: no-repeat !important;background-size: cover !important;}&#8221;][vc_column icons_position=&#8221;left&#8221;][vc_empty_space alter_height=&#8221;medium&#8221; hide_on_desktop=&#8221;1&#8243; hide_on_notebook=&#8221;1&#8243; hide_on_tablet=&#8221;1&#8243; hide_on_mobile=&#8221;&#8221;][vc_empty_space alter_height=&#8221;huge&#8221; hide_on_desktop=&#8221;&#8221; hide_on_notebook=&#8221;&#8221; hide_on_tablet=&#8221;&#8221; hide_on_mobile=&#8221;1&#8243; css=&#8221;.vc_custom_1521469594634{margin-top: 0.8rem !important;}&#8221;]<div id=\"sc_title_1665239769\"\n\t\tclass=\"sc_title color_style_dark sc_title_iconed\"><h1 class=\"sc_item_title sc_title_title sc_align_center sc_item_title_style_iconed sc_item_title_tag\">Zni\u017cki Specjalne<\/h1><\/div><!-- \/.sc_title -->[vc_empty_space alter_height=&#8221;small&#8221; hide_on_desktop=&#8221;1&#8243; hide_on_notebook=&#8221;1&#8243; hide_on_tablet=&#8221;1&#8243; hide_on_mobile=&#8221;&#8221;][vc_empty_space hide_on_desktop=&#8221;&#8221; hide_on_notebook=&#8221;&#8221; hide_on_tablet=&#8221;&#8221; hide_on_mobile=&#8221;&#8221; css=&#8221;.vc_custom_1519300893568{margin-top: -0.7rem !important;}&#8221;]<div id=\"sc_icons_1382122853\" \n\tclass=\"sc_icons sc_icons_default sc_icons_size_large sc_align_center\"><div class=\"sc_icons_columns_wrap sc_item_columns trx_addons_columns_wrap columns_padding_bottom\"><div class=\"trx_addons_column-1_3\"><div class=\"sc_icons_item\"><div id=\"sc_icons_1382122853_icon-003-rank\" class=\"sc_icons_icon sc_icon_type_ icon-003-rank\"\n\t\t\t\t\t\t\t\t\t\t\t\t><span class=\"sc_icon_type_ icon-003-rank\"><\/span><\/div><h4 class=\"sc_icons_item_title\"><span>Kombatanci<\/span><\/h4><div class=\"sc_icons_item_description\"><span>Ka\u017cdy kto broni\u0142 naszej Ojczyzny zas\u0142uguje na specjalne traktowanie! Przyjd\u017a, przedstaw si\u0119. Zapraszamy!<\/span><\/div><\/div><\/div><div class=\"trx_addons_column-1_3\"><div class=\"sc_icons_item\"><div id=\"sc_icons_1382122853_icon-001-leaf\" class=\"sc_icons_icon sc_icon_type_ icon-001-leaf\"\n\t\t\t\t\t\t\t\t\t\t\t\t><span class=\"sc_icon_type_ icon-001-leaf\"><\/span><\/div><h4 class=\"sc_icons_item_title\"><span>Wspieramy M\u0142odzie\u017c<\/span><\/h4><div class=\"sc_icons_item_description\"><span>Nie masz uko\u0144czonych 18 lat, a chcia\u0142by\u015b rozpocz\u0105\u0107 przygod\u0119 ze strzelectwem? Przyjd\u017a z rodzicem oraz podpisan\u0105 zgod\u0105 na uczestniczenie w zaj\u0119ciach strzeleckich.<\/span><\/div><\/div><\/div><div class=\"trx_addons_column-1_3\"><div class=\"sc_icons_item\"><div id=\"sc_icons_1382122853_icon-002-team\" class=\"sc_icons_icon sc_icon_type_ icon-002-team\"\n\t\t\t\t\t\t\t\t\t\t\t\t><span class=\"sc_icon_type_ icon-002-team\"><\/span><\/div><h4 class=\"sc_icons_item_title\"><span>Zni\u017cki dla Firm<\/span><\/h4><div class=\"sc_icons_item_description\"><span>Integracja team\u00f3w firmowych to nasza specjalno\u015b\u0107! Napisz, zadzwo\u0144, dogadamy si\u0119. \ud83d\ude42<\/span><\/div><\/div><\/div><\/div><\/div><!-- \/.sc_icons -->[vc_empty_space alter_height=&#8221;medium&#8221; hide_on_desktop=&#8221;1&#8243; hide_on_notebook=&#8221;1&#8243; hide_on_tablet=&#8221;1&#8243; hide_on_mobile=&#8221;&#8221;][vc_empty_space alter_height=&#8221;large&#8221; hide_on_desktop=&#8221;&#8221; hide_on_notebook=&#8221;&#8221; hide_on_tablet=&#8221;&#8221; hide_on_mobile=&#8221;1&#8243; css=&#8221;.vc_custom_1521469623012{margin-top: 0.6rem !important;}&#8221;][\/vc_column][\/vc_row]<\/p>\n","protected":false},"excerpt":{"rendered":"<p>[vc_row full_width=&#8221;stretch_row&#8221; hide_bg_image_on_tablet=&#8221;&#8221; hide_bg_image_on_mobile=&#8221;1&#8243; css=&#8221;.vc_custom_1521469494099{background-image: url(https:\/\/www.szkolacelu.pl\/wp-content\/uploads\/2017\/11\/bg-3-copyright.jpg?id=412) !important;background-position: center !important;background-repeat: no-repeat !important;background-size: cover !important;}&#8221;][vc_column icons_position=&#8221;left&#8221;][vc_empty_space alter_height=&#8221;large&#8221; hide_on_desktop=&#8221;&#8221; hide_on_notebook=&#8221;&#8221; hide_on_tablet=&#8221;&#8221; hide_on_mobile=&#8221;1&#8243;][\/vc_column][vc_column width=&#8221;1\/2&#8243; icons_position=&#8221;left&#8221;][vc_empty_space alter_height=&#8221;medium&#8221; hide_on_desktop=&#8221;&#8221;&hellip;<\/p>\n","protected":false},"author":1,"featured_media":0,"parent":0,"menu_order":0,"comment_status":"closed","ping_status":"closed","template":"","meta":{"footnotes":""},"class_list":["post-67","page","type-page","status-publish","hentry"],"_links":{"self":[{"href":"https:\/\/www.szkolacelu.pl\/index.php\/wp-json\/wp\/v2\/pages\/67","targetHints":{"allow":["GET"]}}],"collection":[{"href":"https:\/\/www.szkolacelu.pl\/index.php\/wp-json\/wp\/v2\/pages"}],"about":[{"href":"https:\/\/www.szkolacelu.pl\/index.php\/wp-json\/wp\/v2\/types\/page"}],"author":[{"embeddable":true,"href":"https:\/\/www.szkolacelu.pl\/index.php\/wp-json\/wp\/v2\/users\/1"}],"replies":[{"embeddable":true,"href":"https:\/\/www.szkolacelu.pl\/index.php\/wp-json\/wp\/v2\/comments?post=67"}],"version-history":[{"count":12,"href":"https:\/\/www.szkolacelu.pl\/index.php\/wp-json\/wp\/v2\/pages\/67\/revisions"}],"predecessor-version":[{"id":4760,"href":"https:\/\/www.szkolacelu.pl\/index.php\/wp-json\/wp\/v2\/pages\/67\/revisions\/4760"}],"wp:attachment":[{"href":"https:\/\/www.szkolacelu.pl\/index.php\/wp-json\/wp\/v2\/media?parent=67"}],"curies":[{"name":"wp","href":"https:\/\/api.w.org\/{rel}","templated":true}]}}