{"id":85,"date":"2017-11-27T14:44:22","date_gmt":"2017-11-27T14:44:22","guid":{"rendered":"https:\/\/www.szkolacelu.pl\/?page_id=85"},"modified":"2022-01-21T20:57:07","modified_gmt":"2022-01-21T20:57:07","slug":"services-1","status":"publish","type":"page","link":"https:\/\/www.szkolacelu.pl\/index.php\/services-1\/","title":{"rendered":"Services 1"},"content":{"rendered":"<p>[vc_row content_placement=&#8221;middle&#8221;][vc_column width=&#8221;1\/2&#8243; icons_position=&#8221;left&#8221;]<div id=\"sc_title_55252747\"\n\t\tclass=\"sc_title color_style_default sc_title_iconed\"><h1 class=\"sc_item_title sc_title_title sc_align_left sc_item_title_style_iconed sc_item_title_tag\">Czyszczenie, konfiguracja... Mo\u017cemy to zrobi\u0107!<\/h1><div class=\"sc_item_descr sc_title_descr sc_align_left\"><p>W trakcie Twoich odwiedzin w naszym Klubie mo\u017cesz zleci\u0107 nam us\u0142ug\u0119 czyszczenia i konserwacji Twojej broni.<br \/>\nWyczy\u015bcimy i zakonserwujemy cz\u0119\u015bci metalowe. Wyczy\u015bcimy i zakonserwujemy elementy drewniane tak aby wygl\u0105da\u0142y mo\u017cliwie jak nowe!<\/p>\n<\/div><\/div><!-- \/.sc_title -->[vc_empty_space alter_height=&#8221;medium&#8221; hide_on_desktop=&#8221;1&#8243; hide_on_notebook=&#8221;1&#8243; hide_on_tablet=&#8221;1&#8243; hide_on_mobile=&#8221;&#8221;][\/vc_column][vc_column width=&#8221;1\/2&#8243; icons_position=&#8221;left&#8221;][vc_single_image image=&#8221;529&#8243; img_size=&#8221;full&#8221;][\/vc_column][vc_column icons_position=&#8221;left&#8221;][vc_empty_space alter_height=&#8221;large&#8221; hide_on_desktop=&#8221;&#8221; hide_on_notebook=&#8221;&#8221; hide_on_tablet=&#8221;&#8221; hide_on_mobile=&#8221;&#8221; css=&#8221;.vc_custom_1519474541654{margin-top: 0.35rem !important;}&#8221;][\/vc_column][\/vc_row][vc_row full_width=&#8221;stretch_row&#8221; scheme=&#8221;dark&#8221; hide_bg_image_on_tablet=&#8221;&#8221; hide_bg_image_on_mobile=&#8221;&#8221; css=&#8221;.vc_custom_1512051559731{background-image: url(https:\/\/www.szkolacelu.pl\/wp-content\/uploads\/2017\/11\/bg-8-copyright.jpg?id=533) !important;background-position: center !important;background-repeat: no-repeat !important;background-size: cover !important;}&#8221;][vc_column icons_position=&#8221;left&#8221;][vc_empty_space alter_height=&#8221;huge&#8221; hide_on_desktop=&#8221;&#8221; hide_on_notebook=&#8221;&#8221; hide_on_tablet=&#8221;&#8221; hide_on_mobile=&#8221;&#8221; css=&#8221;.vc_custom_1519474718673{margin-top: 0.1rem !important;}&#8221;]<div id=\"sc_title_775666801\"\n\t\tclass=\"sc_title color_style_default sc_title_iconed\"><h1 class=\"sc_item_title sc_title_title sc_align_center sc_item_title_style_iconed sc_item_title_tag\">Orientacyjne ceny us\u0142ug czyszczenia<\/h1><\/div><!-- \/.sc_title -->[vc_row_inner hide_bg_image_on_tablet=&#8221;&#8221; hide_bg_image_on_mobile=&#8221;&#8221; row_delimiter=&#8221;&#8221;][vc_column_inner width=&#8221;1\/2&#8243; scheme=&#8221;dark&#8221; hide_bg_image_on_tablet=&#8221;&#8221; hide_bg_image_on_mobile=&#8221;&#8221; icons_position=&#8221;left&#8221;]<div id=\"sc_content_963305066\"\n\t\tclass=\"sc_content color_style_default sc_content_default sc_float_center sc_padding_medium  vc_custom_1519474815724\"><div class=\"sc_content_container\"><div id=\"sc_title_1016720021\"\n\t\tclass=\"sc_title color_style_link2 sc_title_default\"><h2 class=\"sc_item_title sc_title_title sc_align_left sc_item_title_style_default sc_item_title_tag\">D\u0142u\u017csze tematy<\/h2><\/div><!-- \/.sc_title -->[vc_empty_space hide_on_desktop=&#8221;&#8221; hide_on_notebook=&#8221;&#8221; hide_on_tablet=&#8221;&#8221; hide_on_mobile=&#8221;&#8221; css=&#8221;.vc_custom_1519477747121{margin-top: 0.5rem !important;}&#8221;][vc_column_text]<\/p>\n<ul class=\"trx_addons_list_parameters\">\n<li><strong>Tuning pistoletu (redukcja podrzutu)<\/strong><em>do ustalenia<\/em><\/li>\n<li><strong>X<\/strong><em>XX<\/em><\/li>\n<li><strong>Instalacja zawiesia w ARach (karabinkach)<\/strong><em>60.00 z\u0142<\/em><\/li>\n<li><strong>Sprawdzenie prawid\u0142owo\u015bci dzia\u0142ania<\/strong><em>160.00 &#8211; 300.00 z\u0142<\/em><\/li>\n<li><strong>X<\/strong><em>X<\/em><\/li>\n<li><strong>X<\/strong><em>X<\/em><\/li>\n<li><strong>X<\/strong><em>X<\/em><\/li>\n<\/ul>\n<p>[\/vc_column_text]<\/div><\/div><!-- \/.sc_content -->[vc_empty_space height=&#8221;30px&#8221; alter_height=&#8221;none&#8221; hide_on_desktop=&#8221;&#8221; hide_on_notebook=&#8221;&#8221; hide_on_tablet=&#8221;&#8221; hide_on_mobile=&#8221;&#8221;][\/vc_column_inner][vc_column_inner width=&#8221;1\/2&#8243; scheme=&#8221;dark&#8221; hide_bg_image_on_tablet=&#8221;&#8221; hide_bg_image_on_mobile=&#8221;&#8221; icons_position=&#8221;left&#8221;]<div id=\"sc_content_1297835658\"\n\t\tclass=\"sc_content color_style_default sc_content_default sc_float_center sc_padding_medium  vc_custom_1519474815724\"><div class=\"sc_content_container\"><div id=\"sc_title_623056046\"\n\t\tclass=\"sc_title color_style_link2 sc_title_default\"><h2 class=\"sc_item_title sc_title_title sc_align_left sc_item_title_style_default sc_item_title_tag\">Us\u0142ugi czyszczenia<\/h2><\/div><!-- \/.sc_title -->[vc_empty_space hide_on_desktop=&#8221;&#8221; hide_on_notebook=&#8221;&#8221; hide_on_tablet=&#8221;&#8221; hide_on_mobile=&#8221;&#8221; css=&#8221;.vc_custom_1519477747121{margin-top: 0.5rem !important;}&#8221;][vc_column_text]<\/p>\n<ul class=\"trx_addons_list_parameters\">\n<li><strong>Kompleksowe czyszczenie wraz z inspekcj\u0105<\/strong><em>180.00 z\u0142<\/em><\/li>\n<li><strong>Dok\u0142adne czyszczenie komory nabojowej i lufy<\/strong><em>60.00 z\u0142<\/em><\/li>\n<li><strong>Pistolety<\/strong><em>360.00 z\u0142<\/em><\/li>\n<li><strong>Rewolwery<\/strong><em>360.00 z\u0142<\/em><\/li>\n<li><strong>Usuni\u0119cie silnych zabrudze\u0144 (w tym zab\u0142oce\u0144)<\/strong><em>100.00 &#8211; 200.00 z\u0142<\/em><\/li>\n<li><strong>Usuni\u0119cie silnych zabrudze\u0144 z miedzi (komora, lufa)<\/strong><em>200.00 z\u0142<\/em><\/li>\n<li><strong>Usuni\u0119cie du\u017cych nagromadze\u0144 o\u0142owiu z rewolweru<\/strong><em>160.00 z\u0142<\/em><\/li>\n<\/ul>\n<p>[\/vc_column_text]<\/div><\/div><!-- \/.sc_content -->[vc_empty_space height=&#8221;30px&#8221; alter_height=&#8221;none&#8221; hide_on_desktop=&#8221;&#8221; hide_on_notebook=&#8221;&#8221; hide_on_tablet=&#8221;&#8221; hide_on_mobile=&#8221;&#8221;][\/vc_column_inner][\/vc_row_inner][vc_row_inner][vc_column_inner width=&#8221;1\/2&#8243; scheme=&#8221;dark&#8221; hide_bg_image_on_tablet=&#8221;&#8221; hide_bg_image_on_mobile=&#8221;&#8221; icons_position=&#8221;left&#8221;]<div id=\"sc_content_1647975355\"\n\t\tclass=\"sc_content color_style_default sc_content_default sc_float_center sc_padding_medium  vc_custom_1519474815724\"><div class=\"sc_content_container\"><div id=\"sc_title_1419775256\"\n\t\tclass=\"sc_title color_style_link2 sc_title_default\"><h2 class=\"sc_item_title sc_title_title sc_align_left sc_item_title_style_default sc_item_title_tag\">Optyka<\/h2><\/div><!-- \/.sc_title -->[vc_empty_space hide_on_desktop=&#8221;&#8221; hide_on_notebook=&#8221;&#8221; hide_on_tablet=&#8221;&#8221; hide_on_mobile=&#8221;&#8221; css=&#8221;.vc_custom_1519477747121{margin-top: 0.5rem !important;}&#8221;][vc_column_text]<\/p>\n<ul class=\"trx_addons_list_parameters\">\n<li><strong>Wyci\u0119cie jask\u00f3\u0142czego ogona<\/strong><em>X<\/em><\/li>\n<li><strong>Jask\u00f3\u0142czy ogon Novak z ty\u0142u<\/strong><em>X<\/em><\/li>\n<li><strong>Jask\u00f3\u0142czy ogon z ty\u0142u Bomar<\/strong><em>X<\/em><\/li>\n<li><strong>Instalacja przyrz\u0105d\u00f3w celowniczych<\/strong><em>100.00 &#8211; 200.00 z\u0142<\/em><\/li>\n<li><strong>Red dot<\/strong><em>180.00 &#8211; 360.00 z\u0142<\/em><\/li>\n<li><strong>Instalacja lunety na szynie<\/strong><em>120.00 z\u0142<\/em><\/li>\n<li><strong>Boresight<\/strong><em>100.00 z\u0142<\/em><\/li>\n<\/ul>\n<p>[\/vc_column_text]<\/div><\/div><!-- \/.sc_content -->[vc_empty_space height=&#8221;30px&#8221; alter_height=&#8221;none&#8221; hide_on_desktop=&#8221;1&#8243; hide_on_notebook=&#8221;1&#8243; hide_on_tablet=&#8221;&#8221; hide_on_mobile=&#8221;&#8221;][\/vc_column_inner][vc_column_inner width=&#8221;1\/2&#8243; scheme=&#8221;dark&#8221; hide_bg_image_on_tablet=&#8221;&#8221; hide_bg_image_on_mobile=&#8221;&#8221; icons_position=&#8221;left&#8221;]<div id=\"sc_content_893456152\"\n\t\tclass=\"sc_content color_style_default sc_content_default sc_float_center sc_padding_medium  vc_custom_1519474815724\"><div class=\"sc_content_container\"><div id=\"sc_title_464057492\"\n\t\tclass=\"sc_title color_style_link2 sc_title_default\"><h2 class=\"sc_item_title sc_title_title sc_align_left sc_item_title_style_default sc_item_title_tag\">Wyko\u0144czenie \/ Od\u015bwie\u017cenie<\/h2><\/div><!-- \/.sc_title -->[vc_empty_space hide_on_desktop=&#8221;&#8221; hide_on_notebook=&#8221;&#8221; hide_on_tablet=&#8221;&#8221; hide_on_mobile=&#8221;&#8221; css=&#8221;.vc_custom_1519477747121{margin-top: 0.5rem !important;}&#8221;][vc_column_text]<\/p>\n<ul class=\"trx_addons_list_parameters\">\n<li><strong>Cerakote &#8211; pistolet<\/strong><em>700.00 &#8211; 900.00 z\u0142<\/em><\/li>\n<li><strong>Cerakote &#8211; tylko zamek<\/strong><em>350.00 z\u0142<\/em><\/li>\n<li><strong>Cerakote &#8211; tylko szkielet<\/strong><em>500.00 &#8211; 600.00 z\u0142<\/em><\/li>\n<li><strong>Dura &#8211; Coat<\/strong><em>360.00 &#8211; 690.00 z\u0142<\/em><\/li>\n<li><strong>Wood Stock<\/strong><em>200.00 &#8211; 690.00 z\u0142<\/em><\/li>\n<li><strong>X<\/strong><em>X<\/em><\/li>\n<li><strong>Polerka<\/strong><em>160.00 &#8211; 400.00 z\u0142<\/em><\/li>\n<\/ul>\n<p>[\/vc_column_text]<\/div><\/div><!-- \/.sc_content -->[\/vc_column_inner][\/vc_row_inner][vc_empty_space alter_height=&#8221;small&#8221; hide_on_desktop=&#8221;&#8221; hide_on_notebook=&#8221;&#8221; hide_on_tablet=&#8221;&#8221; hide_on_mobile=&#8221;&#8221; css=&#8221;.vc_custom_1519477817363{margin-top: 0.8rem !important;}&#8221;][vc_column_text]<\/p>\n<h6 style=\"text-align: center;\"><a href=\"https:\/\/www.szkolacelu.pl\/index.php\/contact-us\/\">Napisz czego potrzebujesz<\/a><\/h6>\n<p>[\/vc_column_text][vc_empty_space alter_height=&#8221;huge&#8221; hide_on_desktop=&#8221;&#8221; hide_on_notebook=&#8221;&#8221; hide_on_tablet=&#8221;&#8221; hide_on_mobile=&#8221;&#8221; css=&#8221;.vc_custom_1519477849876{margin-top: 0.6rem !important;}&#8221;][\/vc_column][\/vc_row][vc_row][vc_column width=&#8221;2\/3&#8243; icons_position=&#8221;left&#8221; offset=&#8221;vc_col-sm-offset-2&#8243;][vc_empty_space alter_height=&#8221;large&#8221; hide_on_desktop=&#8221;&#8221; hide_on_notebook=&#8221;&#8221; hide_on_tablet=&#8221;&#8221; hide_on_mobile=&#8221;&#8221;]<div id=\"sc_title_2101414545\"\n\t\tclass=\"sc_title color_style_default sc_title_iconed\"><h1 class=\"sc_item_title sc_title_title sc_align_center sc_item_title_style_iconed sc_item_title_tag\">SKONTAKTUJ SI\u0118 Z NAMI W CELU SPECJALNYCH ZAM\u00d3WIE\u0143<\/h1><\/div><!-- \/.sc_title -->\n<div class=\"wpcf7 no-js\" id=\"wpcf7-f2157-o1\" lang=\"en-US\" dir=\"ltr\" data-wpcf7-id=\"2157\">\n<div class=\"screen-reader-response\"><p role=\"status\" aria-live=\"polite\" aria-atomic=\"true\"><\/p> <ul><\/ul><\/div>\n<form action=\"\/index.php\/wp-json\/wp\/v2\/pages\/85#wpcf7-f2157-o1\" method=\"post\" class=\"wpcf7-form init\" aria-label=\"Contact form\" novalidate=\"novalidate\" data-status=\"init\">\n<div style=\"display: none;\">\n<input type=\"hidden\" name=\"_wpcf7\" value=\"2157\" \/>\n<input type=\"hidden\" name=\"_wpcf7_version\" value=\"6.0.5\" \/>\n<input type=\"hidden\" name=\"_wpcf7_locale\" value=\"en_US\" \/>\n<input type=\"hidden\" name=\"_wpcf7_unit_tag\" value=\"wpcf7-f2157-o1\" \/>\n<input type=\"hidden\" name=\"_wpcf7_container_post\" value=\"0\" \/>\n<input type=\"hidden\" name=\"_wpcf7_posted_data_hash\" value=\"\" \/>\n<\/div>\n<div class=\"columns-2-inputs\">\n\t<p><span class=\"wpcf7-form-control-wrap\" data-name=\"your-name\"><input size=\"40\" maxlength=\"400\" class=\"wpcf7-form-control wpcf7-text wpcf7-validates-as-required\" aria-required=\"true\" aria-invalid=\"false\" placeholder=\"Twoje imi\u0119\" value=\"\" type=\"text\" name=\"your-name\" \/><\/span><span class=\"wpcf7-form-control-wrap\" data-name=\"your-email\"><input size=\"40\" maxlength=\"400\" class=\"wpcf7-form-control wpcf7-email wpcf7-validates-as-required wpcf7-text wpcf7-validates-as-email\" aria-required=\"true\" aria-invalid=\"false\" placeholder=\"Tw\u00f3j e-mail\" value=\"\" type=\"email\" name=\"your-email\" \/><\/span>\n\t<\/p>\n<\/div>\n<p><span class=\"wpcf7-form-control-wrap\" data-name=\"your-message\"><textarea cols=\"40\" rows=\"10\" maxlength=\"2000\" class=\"wpcf7-form-control wpcf7-textarea\" aria-invalid=\"false\" placeholder=\"Twoja wiadomo\u015b\u0107...\" name=\"your-message\"><\/textarea><\/span><span class=\"wpcf7-form-control-wrap\" data-name=\"acceptance-157\"><span class=\"wpcf7-form-control wpcf7-acceptance\"><span class=\"wpcf7-list-item\"><label><input type=\"checkbox\" name=\"acceptance-157\" value=\"1\" aria-invalid=\"false\" \/><span class=\"wpcf7-list-item-label\">Wyra\u017cam zgod\u0119 na przetwarzanie moich danych na potrzeby realizowanego kontaktu. <a href=\"\/privacy-policy\/\" target=\"_blank\">Polityka prywatno\u015bci<\/a><\/span><\/label><\/span><\/span><\/span><input class=\"wpcf7-form-control wpcf7-submit has-spinner\" type=\"submit\" value=\"Wy\u015blij\" \/>\n<\/p><p style=\"display: none !important;\" class=\"akismet-fields-container\" data-prefix=\"_wpcf7_ak_\"><label>&#916;<textarea name=\"_wpcf7_ak_hp_textarea\" cols=\"45\" rows=\"8\" maxlength=\"100\"><\/textarea><\/label><input type=\"hidden\" id=\"ak_js_1\" name=\"_wpcf7_ak_js\" value=\"4\"\/><script>document.getElementById( \"ak_js_1\" ).setAttribute( \"value\", ( new Date() ).getTime() );<\/script><\/p><div class=\"wpcf7-response-output\" aria-hidden=\"true\"><\/div>\n<\/form>\n<\/div>\n[\/vc_column][\/vc_row]<\/p>\n","protected":false},"excerpt":{"rendered":"<p>[vc_row content_placement=&#8221;middle&#8221;][vc_column width=&#8221;1\/2&#8243; icons_position=&#8221;left&#8221;][vc_empty_space alter_height=&#8221;medium&#8221; hide_on_desktop=&#8221;1&#8243; hide_on_notebook=&#8221;1&#8243; hide_on_tablet=&#8221;1&#8243; hide_on_mobile=&#8221;&#8221;][\/vc_column][vc_column width=&#8221;1\/2&#8243; icons_position=&#8221;left&#8221;][vc_single_image image=&#8221;529&#8243; img_size=&#8221;full&#8221;][\/vc_column][vc_column icons_position=&#8221;left&#8221;][vc_empty_space alter_height=&#8221;large&#8221; hide_on_desktop=&#8221;&#8221; hide_on_notebook=&#8221;&#8221; hide_on_tablet=&#8221;&#8221; hide_on_mobile=&#8221;&#8221; css=&#8221;.vc_custom_1519474541654{margin-top: 0.35rem !important;}&#8221;][\/vc_column][\/vc_row][vc_row full_width=&#8221;stretch_row&#8221;&hellip;<\/p>\n","protected":false},"author":1,"featured_media":0,"parent":0,"menu_order":0,"comment_status":"closed","ping_status":"closed","template":"","meta":{"footnotes":""},"class_list":["post-85","page","type-page","status-publish","hentry"],"_links":{"self":[{"href":"https:\/\/www.szkolacelu.pl\/index.php\/wp-json\/wp\/v2\/pages\/85","targetHints":{"allow":["GET"]}}],"collection":[{"href":"https:\/\/www.szkolacelu.pl\/index.php\/wp-json\/wp\/v2\/pages"}],"about":[{"href":"https:\/\/www.szkolacelu.pl\/index.php\/wp-json\/wp\/v2\/types\/page"}],"author":[{"embeddable":true,"href":"https:\/\/www.szkolacelu.pl\/index.php\/wp-json\/wp\/v2\/users\/1"}],"replies":[{"embeddable":true,"href":"https:\/\/www.szkolacelu.pl\/index.php\/wp-json\/wp\/v2\/comments?post=85"}],"version-history":[{"count":8,"href":"https:\/\/www.szkolacelu.pl\/index.php\/wp-json\/wp\/v2\/pages\/85\/revisions"}],"predecessor-version":[{"id":4768,"href":"https:\/\/www.szkolacelu.pl\/index.php\/wp-json\/wp\/v2\/pages\/85\/revisions\/4768"}],"wp:attachment":[{"href":"https:\/\/www.szkolacelu.pl\/index.php\/wp-json\/wp\/v2\/media?parent=85"}],"curies":[{"name":"wp","href":"https:\/\/api.w.org\/{rel}","templated":true}]}}